{"id":15005,"date":"2019-05-15T15:49:42","date_gmt":"2019-05-15T13:49:42","guid":{"rendered":"https:\/\/sites.lfb.es\/stmg\/?page_id=15005"},"modified":"2022-01-31T12:47:52","modified_gmt":"2022-01-31T11:47:52","slug":"post-bac","status":"publish","type":"page","link":"https:\/\/sites.lfb.es\/stmg\/post-bac\/","title":{"rendered":"Post BAC"},"content":{"rendered":"<p>[vc_row css_animation=\u00a0\u00bb\u00a0\u00bb row_type=\u00a0\u00bbrow\u00a0\u00bb use_row_as_full_screen_section=\u00a0\u00bbno\u00a0\u00bb type=\u00a0\u00bbgrid\u00a0\u00bb angled_section=\u00a0\u00bbno\u00a0\u00bb text_align=\u00a0\u00bbleft\u00a0\u00bb background_image_as_pattern=\u00a0\u00bbwithout_pattern\u00a0\u00bb padding_top=\u00a0\u00bb87&Prime; padding_bottom=\u00a0\u00bb0&Prime; background_color=\u00a0\u00bb#ffffff\u00a0\u00bb][vc_column][vc_column_text]<\/p>\n<h2 style=\"text-align: center;\"><span style=\"color: #99ccff;\"><strong>Que faire apr\u00e8s un Bac STMG ?<\/strong><\/span><\/h2>\n<p>[\/vc_column_text][vc_column_text]<\/p>\n<h3 style=\"text-align: center;\"><strong>Les diff\u00e9rents types de fo<\/strong><strong>rmation<\/strong><\/h3>\n<p>&nbsp;<\/p>\n<p>&nbsp;<\/p>\n<p>[\/vc_column_text][vc_row_inner row_type=\u00a0\u00bbrow\u00a0\u00bb type=\u00a0\u00bbfull_width\u00a0\u00bb text_align=\u00a0\u00bbleft\u00a0\u00bb css_animation=\u00a0\u00bb\u00a0\u00bb][vc_column_inner][vc_empty_space][vc_column_text]<\/p>\n<h3><span style=\"color: #99ccff;\"><strong>\u00c9TUDES EN ESPAGNE :<\/strong><\/span><\/h3>\n<p>&nbsp;<\/p>\n<p><span style=\"font-weight: 400;\">Les anciens \u00e9l\u00e8ves de la section STMG choisissent majoritairement les carri\u00e8res suivantes :<\/span><\/p>\n<p>&nbsp;<\/p>\n<ul>\n<li style=\"font-weight: 400;\"><span style=\"font-weight: 400; color: #333333;\">Direction touristique et h\u00f4teli\u00e8re<\/span><\/li>\n<li><span style=\"color: #333333;\">Marketing, publicit\u00e9 et relations publiques<\/span><\/li>\n<li style=\"font-weight: 400;\"><span style=\"font-weight: 400; color: #333333;\">Commerce international<\/span><\/li>\n<li style=\"font-weight: 400;\"><span style=\"font-weight: 400; color: #333333;\">Administration d&rsquo;entreprise<\/span><\/li>\n<li style=\"font-weight: 400;\"><span style=\"color: #333333;\"><span style=\"font-weight: 400;\">Design<\/span><span style=\"font-weight: 400;\"> et communication de mode\u00a0 \u00a0 \u00a0 \u00a0 <\/span><\/span><\/li>\n<li style=\"font-weight: 400;\"><span style=\"font-weight: 400; color: #333333;\">Droit, \u00e9conomie et gestion<\/span><\/li>\n<\/ul>\n<p>[\/vc_column_text][vc_separator type=\u00a0\u00bbtransparent\u00a0\u00bb up=\u00a0\u00bb50&Prime; down=\u00a0\u00bb0&Prime;][vc_column_text]<\/p>\n<h3><b>UNIVERSIT\u00c9S PUBLIQUES \u00c0 BARCELONE :<\/b><\/h3>\n<p>&nbsp;<\/p>\n<ul>\n<li><a href=\"https:\/\/www.ub.edu\/web\/ub\/ca\/\"><span style=\"font-weight: 400;\">UB (Universitat de Barcelona) <\/span><\/a><\/li>\n<li><a href=\"https:\/\/www.uab.cat\/es\/\"><span style=\"font-weight: 400;\">UAB (Universitat Aut\u00f2noma de Barcelona) <\/span><\/a><\/li>\n<li><span style=\"font-weight: 400;\"><a href=\"https:\/\/www.upc.edu\/ca\">UPC (Universitat Polit\u00e8cnica de Catalunya)<\/a><\/span><\/li>\n<li><a href=\"https:\/\/www.upf.edu\/es\/inicio\"><span style=\"font-weight: 400;\">UPF (Universitat Pompeu Fabre)<\/span><\/a><\/li>\n<\/ul>\n<p>[\/vc_column_text][vc_separator type=\u00a0\u00bbtransparent\u00a0\u00bb up=\u00a0\u00bb50&Prime; down=\u00a0\u00bb0&Prime;][vc_column_text]<\/p>\n<h3><b>UNIVERSIT\u00c9S &#8211; \u00c9COLES PRIV\u00c9ES \u00c0 BARCELONE :<\/b><\/h3>\n<p>&nbsp;<\/p>\n<ul>\n<li><a href=\"https:\/\/www.uic.es\/es\"><span style=\"font-weight: 400;\">UIC<\/span><\/a><\/li>\n<li><a href=\"https:\/\/www.iqs.edu\/es\"><span style=\"font-weight: 400;\">IQS<\/span><\/a><\/li>\n<li><span style=\"font-weight: 400;\"><a href=\"https:\/\/www.salleurl.edu\/es\/empreses\">La Salle<\/a><\/span><\/li>\n<li><a href=\"https:\/\/www.uaoceu.es\/\">Abat Oliba<\/a><\/li>\n<li><a href=\"https:\/\/www.esic.edu\/\">ESIC<\/a><\/li>\n<li><a href=\"https:\/\/www.tbs-education.es\/\">TBS<\/a><\/li>\n<li><a href=\"https:\/\/www.esade.edu\/es\/\">ESADE<\/a><\/li>\n<li><a href=\"https:\/\/www.eae.es\/\">EAE<\/a><\/li>\n<\/ul>\n<p>[\/vc_column_text][vc_separator type=\u00a0\u00bbtransparent\u00a0\u00bb up=\u00a0\u00bb50&Prime; down=\u00a0\u00bb0&Prime;][vc_column_text]<\/p>\n<h3><\/h3>\n<h3><span style=\"font-size: 16px;\"><a href=\"https:\/\/www.ifp.es\/fp-barcelona\">FORMATION PROFESSIONNELLE \/ GRADO SUPERIOR <\/a>: \u00e9quivalent \u00e0 BTS\/BUT<\/span><\/h3>\n<p>&nbsp;<\/p>\n<p><em><span style=\"font-weight: 400;\">La formation professionnelle fournit la formation n\u00e9cessaire pour d\u00e9velopper les comp\u00e9tences professionnelles et les connaissances de chaque secteur.<\/span><\/em><\/p>\n<p><span style=\"font-weight: 400;\">Apr\u00e8s le BAC STMG, nous pouvons par exemple\u00a0nous int\u00e9resser, aux formations professionnelles suivantes :<\/span><\/p>\n<p>&nbsp;<\/p>\n<ul>\n<li><span style=\"font-weight: 400; color: #333333;\">Formation professionnel d\u2019h\u00f4tellerie et tourisme<\/span><\/li>\n<li><span style=\"font-weight: 400; color: #333333;\">Formation professionnel d\u2019\u00e9conomie<\/span><\/li>\n<li><span style=\"font-weight: 400; color: #333333;\">Formation professionnel d\u2019image et de design<\/span><\/li>\n<li><span style=\"font-weight: 400; color: #333333;\">Formation professionnel d\u2019audiovisuels et spectacles<\/span><\/li>\n<\/ul>\n<p>[\/vc_column_text][vc_separator type=\u00a0\u00bbtransparent\u00a0\u00bb up=\u00a0\u00bb50&Prime; down=\u00a0\u00bb0&Prime;][vc_column_text]<\/p>\n<div class=\"wpb_text_column wpb_content_element \">\n<div class=\"wpb_wrapper\">\n<h3><span style=\"color: #99ccff;\"><strong>\u00c9TUDES EN FRANCE :<\/strong><\/span><\/h3>\n<p>&nbsp;<\/p>\n<h3><a href=\"https:\/\/www.letudiant.fr\/\"><strong>LE BTS ET LE BUT :<\/strong><\/a><\/h3>\n<p>&nbsp;<\/p>\n<p>Pour acc\u00e9der \u00e0 un BTS ou BUT (Bachelor universitaire technologique) il faut passer par le biais de Parcoursup.\u00a0 Accessibles sur dossier, ces formations associent, pendant 2 ans, cours th\u00e9oriques, pratiques professionnelles et stages de terrain. Elles permettent d\u2019entrer sur le march\u00e9 du travail ou de poursuivre ses \u00e9tudes, principalement en licence professionnelle (en 1 an) ou en \u00e9cole de commerce. La polyvalence du bac STMG donne acc\u00e8s \u00e0 certaines sp\u00e9cialit\u00e9s :<\/p>\n<p>&nbsp;<\/p>\n<\/div>\n<p><span style=\"font-weight: 400; color: #333333;\">BTS MCO &#8211; Management Commercial Op\u00e9rationnel<\/span><\/p>\n<p><span style=\"font-weight: 400; color: #333333;\">BTS NDRC &#8211; N\u00e9gociation et Digitalisation de la Relation Client<\/span><\/p>\n<p><span style=\"font-weight: 400; color: #333333;\">BTS Gestion de la PME (petite\/moyenne entreprise)<\/span><\/p>\n<p><span style=\"font-weight: 400; color: #333333;\">BTS CG (ancien BTS CGO)-\u00a0 Comptabilit\u00e9 et Gestion<\/span><\/p>\n<p><span style=\"font-weight: 400; color: #333333;\">BTS Informatique<\/span><\/p>\n<p><span style=\"font-weight: 400; color: #333333;\">BTS SAM &#8211; Support \u00e0 l&rsquo;Action Manag\u00e9riale<\/span><\/p>\n<p><span style=\"font-weight: 400; color: #333333;\">BTS SIO Option A : Infrastructure, Syst\u00e8mes et R\u00e9seaux<\/span><\/p>\n<p><span style=\"font-weight: 400; color: #333333;\">BTS Commerce International<\/span><\/p>\n<p><span style=\"font-weight: 400; color: #333333;\">BTS Communication\u00a0<\/span><\/p>\n<p><span style=\"font-weight: 400; color: #333333;\">BTS Tourisme<\/span><\/p>\n<p><span style=\"font-weight: 400; color: #333333;\">BTS Banque, conseiller de client\u00e8le<\/span><\/p>\n<p><span style=\"font-weight: 400; color: #333333;\">BTS Service informatique aux organisations\u00a0<\/span><\/p>\n<p><span style=\"font-weight: 400; color: #333333;\">BTS Technico-Commercial<\/span><\/p>\n<p><span style=\"font-weight: 400; color: #333333;\">BTS Professions Immobili\u00e8res<\/span><\/p>\n<p><span style=\"font-weight: 400; color: #333333;\">BTS Management en h\u00f4tellerie restauration<\/span><\/p>\n<p><span style=\"font-weight: 400; color: #333333;\">BTSA Technico-commercial<\/span><\/p>\n<p><span style=\"font-weight: 400; color: #333333;\">BTS Assurance<\/span><\/p>\n<p><span style=\"font-weight: 400; color: #333333;\">BTS M\u00e9tiers de l&rsquo;Esth\u00e9tique-Cosm\u00e9tique-Parfumerie<\/span><\/p>\n<p><span style=\"font-weight: 400; color: #333333;\">BTS Notariat<\/span><\/p>\n<\/div>\n<p>&nbsp;<\/p>\n<p><span style=\"color: #333333;\"><span style=\"font-weight: 400;\">BUT Techniques de Commercialisation &#8211; <\/span><i><span style=\"font-weight: 400;\">BUT TECH DE CO<\/span><\/i><\/span><\/p>\n<p><span style=\"font-weight: 400; color: #333333;\">BUT GEA option Gestion et Management des Organisations<\/span><\/p>\n<p><span style=\"color: #333333;\"><span style=\"font-weight: 400;\">BUT GEA option Gestion Comptable et Financi\u00e8re &#8211; <\/span><i><span style=\"font-weight: 400;\">GEA GCF<\/span><\/i><\/span><\/p>\n<p><span style=\"color: #333333;\"><span style=\"font-weight: 400;\">BUT GEA option Gestion des Ressources Humaines &#8211; <\/span><i><span style=\"font-weight: 400;\">GEA GRH<\/span><\/i><\/span><\/p>\n<p><span style=\"font-weight: 400; color: #333333;\">BUT Info-Com option Communication des Organisations\u00a0\u00a0<\/span><\/p>\n<p><span style=\"font-weight: 400; color: #333333;\">BUT Information Communication<\/span><\/p>\n<p><span style=\"font-weight: 400; color: #333333;\">BUT Gestion Administrative et Commerciale des Organisations<\/span><\/p>\n<p><span style=\"font-weight: 400; color: #333333;\">BUT Info Com option INO<\/span><\/p>\n<p><span style=\"font-weight: 400; color: #333333;\">BUT Carri\u00e8res Juridiques<\/span><\/p>\n<p><span style=\"font-weight: 400; color: #333333;\">BUT Info Com option Publicit\u00e9\u00a0<\/span><\/p>\n<p><span style=\"font-weight: 400; color: #333333;\">BUT Information Communication<\/span>[\/vc_column_text][vc_separator type=\u00a0\u00bbtransparent\u00a0\u00bb up=\u00a0\u00bb50&Prime; down=\u00a0\u00bb0&Prime;][vc_column_text]<\/p>\n<h3><\/h3>\n<h3><strong>LA PR\u00c9PA ECT : \u00c9CONOMIQUE ET <span style=\"font-size: 18.72px;\">COMMERCIALE<\/span>, OPTION TECHNOLOGIQUE :<\/strong><\/h3>\n<p>&nbsp;<\/p>\n<p><span style=\"font-weight: 400;\">Les bacheliers STMG ont aussi la possibilit\u00e9, avec un tr\u00e8s bon dossier, d&rsquo;entr\u00e9e en CPGE.\u00a0 <\/span><\/p>\n<p><span style=\"font-weight: 400;\">Les pr\u00e9pas ECT <\/span><span style=\"font-weight: 400;\">(\u00e9conomique et commerciale option technologique) sont en effet destin\u00e9es aux bacheliers STMG. Elles donnent acc\u00e8s en 2 ans aux \u00e9coles sup\u00e9rieures de commerce. Elles exigent un dossier \u00e9quilibr\u00e9 en\u00a0 math\u00e9matiques, en \u00e9conomie et dans les mati\u00e8res litt\u00e9raires. Deux langues, dont l\u2019anglais, figurent au programme. Elles sont propos\u00e9es <\/span><span style=\"font-weight: 400;\">dans une quarantaine de lyc\u00e9es.<\/span>[\/vc_column_text][vc_separator type=\u00a0\u00bbtransparent\u00a0\u00bb up=\u00a0\u00bb50&Prime; down=\u00a0\u00bb0&Prime;][vc_column_text]<\/p>\n<h3><strong>LES \u00c9COLES :<\/strong><\/h3>\n<p>&nbsp;<\/p>\n<p><span style=\"font-weight: 400;\">Le recrutement s&rsquo;effectue sur dossier ou sur concours. Les bacheliers STMG peuvent faire le choix d&rsquo;une \u00e9cole qui leur permet de pr\u00e9parer en 2 \u00e0 5 ans leur int\u00e9gration dans divers domaines : commerce, comptabilit\u00e9, social ou tourisme.<\/span><\/p>\n<p><span style=\"font-weight: 400;\">Parmi les \u00e9coles sup\u00e9rieures de commerce, certaines d\u00e9livrent des cursus directement accessibles apr\u00e8s le bac : des bacheliers de niveau bac + 3 ou de niveau bac + 4 (davantage orient\u00e9s vers le commerce international) mais \u00e9galement des formations en 5 ans.<\/span><\/p>\n<p><img loading=\"lazy\" class=\" wp-image-15379 aligncenter\" src=\"https:\/\/sites.lfb.es\/stmg\/wp-content\/uploads\/sites\/2\/2019\/11\/Ou-vont-les-STMG-oct-2019_large-300x297.png\" alt=\"\" width=\"484\" height=\"479\" srcset=\"https:\/\/sites.lfb.es\/stmg\/wp-content\/uploads\/sites\/2\/2019\/11\/Ou-vont-les-STMG-oct-2019_large-300x297.png 300w, https:\/\/sites.lfb.es\/stmg\/wp-content\/uploads\/sites\/2\/2019\/11\/Ou-vont-les-STMG-oct-2019_large.png 360w\" sizes=\"(max-width: 484px) 100vw, 484px\" \/>[\/vc_column_text][vc_column_text]<\/p>\n<h3><strong>UNIVERSIT\u00c9S PRIV\u00c9ES :\u00a0<\/strong><\/h3>\n<p>&nbsp;<\/p>\n<ul>\n<li><span style=\"color: #333333;\"><a style=\"color: #333333;\" href=\"https:\/\/www.eslsca.fr\/\">ESLSCA Business School Paris<\/a> &#8211; \u00c9cole de commerce \u00e0 Paris<\/span><\/li>\n<li><span style=\"color: #333333;\"><a style=\"color: #333333;\" href=\"http:\/\/www.unistra.fr\/index.php?id=accueil&amp;utm_source=unistra_fr&amp;utm_medium=unistra_fr_homepage\">Universit\u00e9 de Strasbourg<\/a><\/span><\/li>\n<li><span style=\"color: #333333;\"><a style=\"color: #333333;\" href=\"https:\/\/www.ut-capitole.fr\/\">Universit\u00e9 de Toulouse 1 capitole<\/a><\/span><\/li>\n<li><span style=\"color: #333333;\"><a style=\"color: #333333;\" href=\"https:\/\/www.univ-montp3.fr\/\">Universit\u00e9 PAUL VAL\u00c9RY Montpellier 3<\/a><\/span><\/li>\n<li><span style=\"color: #333333;\"><a style=\"color: #333333;\" href=\"https:\/\/www.univ-amu.fr\/fr\/public\/presentation-de-luniversite\">Universit\u00e9 AIX<\/a><\/span><\/li>\n<li><span style=\"color: #333333;\"><a style=\"color: #333333;\" href=\"https:\/\/www.emlv.fr\/\">Ecole de managment Leonard De Vinci<\/a><\/span><\/li>\n<li><span style=\"color: #333333;\"><a style=\"color: #333333;\" href=\"http:\/\/www.ifag.com\/\">Ecole de managment pour entreprendre et innover<\/a><\/span><\/li>\n<\/ul>\n<p>[\/vc_column_text][vc_separator type=\u00a0\u00bbtransparent\u00a0\u00bb up=\u00a0\u00bb50&Prime; down=\u00a0\u00bb0&Prime;][vc_column_text]<\/p>\n<h3><b>AUTRE DOMAINES :<\/b><\/h3>\n<p>&nbsp;<\/p>\n<p><em><span style=\"font-weight: 400;\">Les bacheliers STMG peuvent envisager d\u2019autres fili\u00e8res, \u00e0 condition d\u2019avoir les comp\u00e9tences requises (go\u00fbt pour la th\u00e9orie, bon niveau en langues, etc.).<\/span><\/em><\/p>\n<p><span style=\"font-weight: 400;\">La<\/span> <span style=\"font-weight: 400;\">licence Droit <\/span><span style=\"font-weight: 400;\">amorce des \u00e9tudes juridiques qui m\u00e8nent en 5 \u00e0 7 ans aux m\u00e9tiers d\u2019avocat, de magistrat, de juriste d\u2019entreprise via, le plus souvent, un concours \u00e0 l\u2019entr\u00e9e des centres de formation professionnelle.<\/span><\/p>\n<p><span style=\"font-weight: 400;\">La licence LEA <\/span><span style=\"font-weight: 400;\">(langues \u00e9trang\u00e8res appliqu\u00e9es) est fond\u00e9e sur l&rsquo;\u00e9tude de 2 langues, appliqu\u00e9es au droit, \u00e0 la gestion, \u00e0 l&rsquo;informatique, etc. Elle offre des d\u00e9bouch\u00e9s en entreprise. Elle s&rsquo;adresse aux bacheliers STMG qui ont un tr\u00e8s bon niveau en langues vivantes \u00e9trang\u00e8res.<\/span>[\/vc_column_text][vc_column_text][\/vc_column_text][\/vc_column_inner][vc_column_inner][vc_separator type=\u00a0\u00bbtransparent\u00a0\u00bb up=\u00a0\u00bb50&Prime; down=\u00a0\u00bb0&Prime;][vc_column_text]<\/p>\n<h3><b>\u00c9TUDES \u00c0 L&rsquo;\u00c9TRANGER :<\/b><\/h3>\n<p>&nbsp;<\/p>\n<p><span style=\"font-weight: 400;\">Avant de se d\u00e9cider \u00e0 partir \u00e0 l\u00b4\u00e9tranger il faut se dire qu\u00b4il faut un <\/span>tr\u00e8s bon niveau en langue, \u00e9valu\u00e9 par un examen, le TOFEL, l\u00b4Advance ou autres \u00a0(pour l\u00b4anglais). La r\u00e9ussite \u00e0 cet examen vous autorise \u00e0 partir \u00e9tudier \u00e0 l&rsquo;\u00e9tranger. Il y a l\u00b4option de faire toutes vos \u00e9tudes \u00e0 l\u00b4\u00e9tranger en dominant la langue ou partir \u00a0\u00e0 l&rsquo;\u00e9tranger pour une plus courte p\u00e9riode. Les programmes d&rsquo;\u00e9changes repr\u00e9sentent la solution la plus avantageuse car ils se chargent de trouver l&rsquo;\u00e9cole des options de stages, des inscriptions, du logement\u2026<\/p>\n<p>&nbsp;<\/p>\n<p>Vous pouvez \u00e9galement partir seul(e) mais vous devrez faire toutes ces d\u00e9marches par vous-m\u00eame.<\/p>\n<p>&nbsp;<\/p>\n<p>Les avantages des \u00e9tudes \u00e0 l&rsquo;\u00e9tranger sont :<\/p>\n<p>&nbsp;<\/p>\n<ul>\n<li style=\"font-weight: 400;\"><span style=\"color: #333333;\">de devenir bilingue<\/span><\/li>\n<li style=\"font-weight: 400;\"><span style=\"color: #333333;\">conna\u00eetre des personnes int\u00e9ressantes qui pensent comme toi et aiment ce que toi tu aime<\/span><\/li>\n<li style=\"font-weight: 400;\"><span style=\"color: #333333;\">devenir plus ind\u00e9pendant<\/span><\/li>\n<\/ul>\n<p>&nbsp;<\/p>\n<p>Avant tout, il faut tout d abord d\u00e9finir votre projet professionnel, trouver quel m\u00e9tier vous int\u00e9resse, et voir ensuite si des \u00e9tudes \u00e0 l&rsquo;\u00e9tranger apporteront un plus \u00e0 votre projet.[\/vc_column_text][vc_empty_space][vc_empty_space][vc_empty_space][\/vc_column_inner][vc_column_inner][\/vc_column_inner][\/vc_row_inner][\/vc_column][\/vc_row]<\/p>\n","protected":false},"excerpt":{"rendered":"<p>[vc_row css_animation=\u00a0\u00bb\u00a0\u00bb row_type=\u00a0\u00bbrow\u00a0\u00bb use_row_as_full_screen_section=\u00a0\u00bbno\u00a0\u00bb type=\u00a0\u00bbgrid\u00a0\u00bb angled_section=\u00a0\u00bbno\u00a0\u00bb text_align=\u00a0\u00bbleft\u00a0\u00bb background_image_as_pattern=\u00a0\u00bbwithout_pattern\u00a0\u00bb padding_top=\u00a0\u00bb87&Prime; padding_bottom=\u00a0\u00bb0&Prime; background_color=\u00a0\u00bb#ffffff\u00a0\u00bb][vc_column][vc_column_text] Que faire apr\u00e8s un Bac STMG ? [\/vc_column_text][vc_column_text] Les diff\u00e9rents types de formation &nbsp; &nbsp; [\/vc_column_text][vc_row_inner row_type=\u00a0\u00bbrow\u00a0\u00bb type=\u00a0\u00bbfull_width\u00a0\u00bb text_align=\u00a0\u00bbleft\u00a0\u00bb css_animation=\u00a0\u00bb\u00a0\u00bb][vc_column_inner][vc_empty_space][vc_column_text] \u00c9TUDES EN ESPAGNE : &nbsp; Les anciens \u00e9l\u00e8ves de la section STMG choisissent majoritairement&#8230;<\/p>\n","protected":false},"author":1,"featured_media":0,"parent":0,"menu_order":0,"comment_status":"closed","ping_status":"closed","template":"full_width.php","meta":[],"_links":{"self":[{"href":"https:\/\/sites.lfb.es\/stmg\/wp-json\/wp\/v2\/pages\/15005"}],"collection":[{"href":"https:\/\/sites.lfb.es\/stmg\/wp-json\/wp\/v2\/pages"}],"about":[{"href":"https:\/\/sites.lfb.es\/stmg\/wp-json\/wp\/v2\/types\/page"}],"author":[{"embeddable":true,"href":"https:\/\/sites.lfb.es\/stmg\/wp-json\/wp\/v2\/users\/1"}],"replies":[{"embeddable":true,"href":"https:\/\/sites.lfb.es\/stmg\/wp-json\/wp\/v2\/comments?post=15005"}],"version-history":[{"count":181,"href":"https:\/\/sites.lfb.es\/stmg\/wp-json\/wp\/v2\/pages\/15005\/revisions"}],"predecessor-version":[{"id":15851,"href":"https:\/\/sites.lfb.es\/stmg\/wp-json\/wp\/v2\/pages\/15005\/revisions\/15851"}],"wp:attachment":[{"href":"https:\/\/sites.lfb.es\/stmg\/wp-json\/wp\/v2\/media?parent=15005"}],"curies":[{"name":"wp","href":"https:\/\/api.w.org\/{rel}","templated":true}]}}