{"id":13396,"date":"2014-03-24T10:54:51","date_gmt":"2014-03-24T10:54:51","guid":{"rendered":"http:\/\/demo.qodeinteractive.com\/bridge\/?page_id=13396"},"modified":"2022-01-27T17:39:18","modified_gmt":"2022-01-27T16:39:18","slug":"presentation","status":"publish","type":"page","link":"https:\/\/sites.lfb.es\/stmg\/presentation\/","title":{"rendered":"Pr\u00e9sentation de la s\u00e9rie STMG"},"content":{"rendered":"<p>[vc_row css_animation=\u00a0\u00bb\u00a0\u00bb row_type=\u00a0\u00bbrow\u00a0\u00bb use_row_as_full_screen_section=\u00a0\u00bbno\u00a0\u00bb type=\u00a0\u00bbgrid\u00a0\u00bb angled_section=\u00a0\u00bbno\u00a0\u00bb text_align=\u00a0\u00bbleft\u00a0\u00bb background_image_as_pattern=\u00a0\u00bbwithout_pattern\u00a0\u00bb padding_top=\u00a0\u00bb87&Prime; padding_bottom=\u00a0\u00bb0&Prime; background_color=\u00a0\u00bb#ffffff\u00a0\u00bb][vc_column][vc_row_inner row_type=\u00a0\u00bbrow\u00a0\u00bb type=\u00a0\u00bbfull_width\u00a0\u00bb text_align=\u00a0\u00bbleft\u00a0\u00bb css_animation=\u00a0\u00bb\u00a0\u00bb][vc_column_inner][vc_column_text]<\/p>\n<h4><strong><span style=\"color: #808080;\">La s\u00e9rie des Sciences et Technologies du Management et de la Gestion (STMG) vous offre les cl\u00e9s pour comprendre l\u2019organisation et le fonctionnement des entreprises. La s\u00e9rie vous permettra donc de vous sp\u00e9cialiser dans la gestion, les syst\u00e8mes d\u2019information, les ressources humaines, la communication, le management des organisations, l\u2019\u00e9conomie, le droit et le marketing.<\/span><\/strong><\/h4>\n<p>[\/vc_column_text][vc_empty_space height=\u00a0\u00bb55px\u00a0\u00bb][vc_separator type=\u00a0\u00bbnormal\u00a0\u00bb][vc_empty_space height=\u00a0\u00bb55px\u00a0\u00bb][vc_column_text]<\/p>\n<h2><span style=\"color: #99ccff;\">Pourquoi choisir la s\u00e9rie STMG ?<\/span><\/h2>\n<p>&nbsp;<\/p>\n<h4><span class=\"s1\" style=\"color: #808080;\">Faire le choix de la s\u00e9rie STMG (Sciences et Technologies du Management et de la Gestion), c\u2019est choisir un enseignement moderne, alliant th\u00e9orie et pratique et pr\u00e9parant \u00e0 la poursuite d\u2019\u00e9tudes courtes (BTS, DUT) ou longues (classes pr\u00e9paratoires, universit\u00e9 ou \u00e9coles de commerce). A la diff\u00e9rence de la voie professionnelle, l\u2019objectif de cette formation n\u2019est donc pas l\u2019acc\u00e8s direct \u00e0 un m\u00e9tier mais de pr\u00e9parer \u00e0 la vie professionnelle.<\/span><\/h4>\n<p>[\/vc_column_text][vc_empty_space][vc_column_text]<\/p>\n<h2><span style=\"color: #99ccff;\">Pour qui ?<\/span><\/h2>\n<p>&nbsp;<\/p>\n<h4><span style=\"color: #808080;\">aux <strong>\u00e9l\u00e8ves int\u00e9ress\u00e9s par la r\u00e9alit\u00e9 du fonctionnement des <u>organisations<\/u><\/strong><\/span><\/h4>\n<h4><span style=\"color: #808080;\">relations au travail, num\u00e9rique, marketing, recherche et mesure de la performance, analyse des d\u00e9cisions et impact des strat\u00e9gies d&rsquo;entreprise&#8230;<\/span><\/h4>\n<h4><\/h4>\n<p>&nbsp;<\/p>\n<h4><span style=\"color: #808080;\">aux <\/span><strong><span style=\"color: #808080;\">\u00e9l\u00e8ves qui envisagent de poursuivre des <u>\u00e9tudes sup\u00e9rieures<\/u><\/span><\/strong><\/h4>\n<h4><span style=\"color: #808080;\">Une orientation choisie, li\u00e9e \u00e0 un projet d&rsquo;\u00e9tude et non une orientation par d\u00e9faut.<\/span><\/h4>\n<p>[\/vc_column_text][vc_empty_space][vc_column_text]<\/p>\n<h4 style=\"text-align: left;\"><span style=\"color: #808080;\"><strong>La fili\u00e8re STMG peut vous aider \u00e0 trouver une motivation, \u00e0 dessiner un parcours \u00e9tudiant et professionnel \u00e0 travers la r\u00e9alisation d\u2019un projet, la d\u00e9couverte d\u2019une entreprise, d\u2019un secteur d\u2019activit\u00e9&#8230;<\/strong><\/span><\/h4>\n<p>[\/vc_column_text][\/vc_column_inner][\/vc_row_inner][vc_empty_space]<a  itemprop=\"url\" href=\"https:\/\/cdn.lfb.es\/uploads\/2021-docs\/specialites-reforme-lycee-STMG.pdf\" target=\"_self\" data-hover-color='#ffffff' class=\"qbutton  white default qode-type1-gradient-left-to-right\" style=\"color: #ffffff; \">Liste et contenu des enseignements de specialit\u00e9 en classe de la voie technologique<i class=\"qode_icon_font_awesome fa fa-angle-double-left qode_button_icon_element\" style=\"color: #ffffff;\" ><\/i><\/a>[vc_empty_space][vc_empty_space][vc_column_text]<\/p>\n<h2 class=\"p1\"><span class=\"s1\" style=\"color: #99ccff;\">Enseignements :<\/span><\/h2>\n<p>&nbsp;<\/p>\n<h4 class=\"p2\"><strong><span class=\"s1\" style=\"color: #808080;\">En Premi\u00e8re<\/span><\/strong><\/h4>\n<p>[\/vc_column_text][vc_empty_space][vc_single_image image=\u00a0\u00bb15834&Prime; img_size=\u00a0\u00bbfull\u00a0\u00bb qode_css_animation=\u00a0\u00bb\u00a0\u00bb][vc_empty_space][vc_single_image image=\u00a0\u00bb15833&Prime; img_size=\u00a0\u00bbfull\u00a0\u00bb qode_css_animation=\u00a0\u00bb\u00a0\u00bb][vc_empty_space][vc_empty_space][vc_column_text]<\/p>\n<h4><strong><span style=\"color: #808080;\">En Terminale<\/span><\/strong><\/h4>\n<p>[\/vc_column_text][vc_empty_space][vc_single_image image=\u00a0\u00bb15832&Prime; img_size=\u00a0\u00bbfull\u00a0\u00bb qode_css_animation=\u00a0\u00bb\u00a0\u00bb][vc_empty_space][vc_empty_space][vc_empty_space][\/vc_column][\/vc_row][vc_row css_animation=\u00a0\u00bb\u00a0\u00bb row_type=\u00a0\u00bbrow\u00a0\u00bb use_row_as_full_screen_section=\u00a0\u00bbno\u00a0\u00bb type=\u00a0\u00bbfull_width\u00a0\u00bb angled_section=\u00a0\u00bbno\u00a0\u00bb text_align=\u00a0\u00bbleft\u00a0\u00bb background_image_as_pattern=\u00a0\u00bbwithout_pattern\u00a0\u00bb][vc_column][vc_row_inner row_type=\u00a0\u00bbrow\u00a0\u00bb type=\u00a0\u00bbfull_width\u00a0\u00bb text_align=\u00a0\u00bbleft\u00a0\u00bb css_animation=\u00a0\u00bb\u00a0\u00bb][vc_column_inner][\/vc_column_inner][\/vc_row_inner][\/vc_column][\/vc_row]<\/p>\n","protected":false},"excerpt":{"rendered":"<p>[vc_row css_animation=\u00a0\u00bb\u00a0\u00bb row_type=\u00a0\u00bbrow\u00a0\u00bb use_row_as_full_screen_section=\u00a0\u00bbno\u00a0\u00bb type=\u00a0\u00bbgrid\u00a0\u00bb angled_section=\u00a0\u00bbno\u00a0\u00bb text_align=\u00a0\u00bbleft\u00a0\u00bb background_image_as_pattern=\u00a0\u00bbwithout_pattern\u00a0\u00bb padding_top=\u00a0\u00bb87&Prime; padding_bottom=\u00a0\u00bb0&Prime; background_color=\u00a0\u00bb#ffffff\u00a0\u00bb][vc_column][vc_row_inner row_type=\u00a0\u00bbrow\u00a0\u00bb type=\u00a0\u00bbfull_width\u00a0\u00bb text_align=\u00a0\u00bbleft\u00a0\u00bb css_animation=\u00a0\u00bb\u00a0\u00bb][vc_column_inner][vc_column_text] La s\u00e9rie des Sciences et Technologies du Management et de la Gestion (STMG) vous offre les cl\u00e9s pour comprendre l\u2019organisation et le fonctionnement des entreprises. La s\u00e9rie vous permettra donc&#8230;<\/p>\n","protected":false},"author":1,"featured_media":0,"parent":0,"menu_order":0,"comment_status":"open","ping_status":"open","template":"full_width.php","meta":[],"_links":{"self":[{"href":"https:\/\/sites.lfb.es\/stmg\/wp-json\/wp\/v2\/pages\/13396"}],"collection":[{"href":"https:\/\/sites.lfb.es\/stmg\/wp-json\/wp\/v2\/pages"}],"about":[{"href":"https:\/\/sites.lfb.es\/stmg\/wp-json\/wp\/v2\/types\/page"}],"author":[{"embeddable":true,"href":"https:\/\/sites.lfb.es\/stmg\/wp-json\/wp\/v2\/users\/1"}],"replies":[{"embeddable":true,"href":"https:\/\/sites.lfb.es\/stmg\/wp-json\/wp\/v2\/comments?post=13396"}],"version-history":[{"count":56,"href":"https:\/\/sites.lfb.es\/stmg\/wp-json\/wp\/v2\/pages\/13396\/revisions"}],"predecessor-version":[{"id":15844,"href":"https:\/\/sites.lfb.es\/stmg\/wp-json\/wp\/v2\/pages\/13396\/revisions\/15844"}],"wp:attachment":[{"href":"https:\/\/sites.lfb.es\/stmg\/wp-json\/wp\/v2\/media?parent=13396"}],"curies":[{"name":"wp","href":"https:\/\/api.w.org\/{rel}","templated":true}]}}