{"id":15572,"date":"2020-05-10T01:15:06","date_gmt":"2020-05-09T23:15:06","guid":{"rendered":"http:\/\/www.lfb.es\/atelier-ecologie\/?page_id=15572"},"modified":"2020-05-10T01:15:06","modified_gmt":"2020-05-09T23:15:06","slug":"insectes","status":"publish","type":"page","link":"https:\/\/sites.lfb.es\/atelier-ecologie\/insectes\/","title":{"rendered":"La disparition des insectes"},"content":{"rendered":"\n<ul class=\"wp-block-gallery columns-2 is-cropped\"><li class=\"blocks-gallery-item\"><figure><img loading=\"lazy\" width=\"1024\" height=\"768\" src=\"http:\/\/www.lfb.es\/atelier-ecologie\/wp-content\/uploads\/2020\/05\/IMG-20200124-WA0006-1024x768.jpg\" alt=\"\" data-id=\"15586\" data-link=\"http:\/\/www.lfb.es\/atelier-ecologie\/img-20200124-wa0006\/\" class=\"wp-image-15586\" srcset=\"https:\/\/sites.lfb.es\/atelier-ecologie\/wp-content\/uploads\/sites\/7\/2020\/05\/IMG-20200124-WA0006-1024x768.jpg 1024w, https:\/\/sites.lfb.es\/atelier-ecologie\/wp-content\/uploads\/sites\/7\/2020\/05\/IMG-20200124-WA0006-300x225.jpg 300w, https:\/\/sites.lfb.es\/atelier-ecologie\/wp-content\/uploads\/sites\/7\/2020\/05\/IMG-20200124-WA0006-768x576.jpg 768w, https:\/\/sites.lfb.es\/atelier-ecologie\/wp-content\/uploads\/sites\/7\/2020\/05\/IMG-20200124-WA0006-1536x1153.jpg 1536w, https:\/\/sites.lfb.es\/atelier-ecologie\/wp-content\/uploads\/sites\/7\/2020\/05\/IMG-20200124-WA0006-800x600.jpg 800w, https:\/\/sites.lfb.es\/atelier-ecologie\/wp-content\/uploads\/sites\/7\/2020\/05\/IMG-20200124-WA0006-700x525.jpg 700w, https:\/\/sites.lfb.es\/atelier-ecologie\/wp-content\/uploads\/sites\/7\/2020\/05\/IMG-20200124-WA0006.jpg 1599w\" sizes=\"(max-width: 1024px) 100vw, 1024px\" \/><\/figure><\/li><li class=\"blocks-gallery-item\"><figure><img loading=\"lazy\" width=\"1024\" height=\"768\" src=\"http:\/\/www.lfb.es\/atelier-ecologie\/wp-content\/uploads\/2020\/05\/IMG-20200124-WA0004-1024x768.jpg\" alt=\"\" data-id=\"15585\" data-link=\"http:\/\/www.lfb.es\/atelier-ecologie\/img-20200124-wa0004\/\" class=\"wp-image-15585\" srcset=\"https:\/\/sites.lfb.es\/atelier-ecologie\/wp-content\/uploads\/sites\/7\/2020\/05\/IMG-20200124-WA0004-1024x768.jpg 1024w, https:\/\/sites.lfb.es\/atelier-ecologie\/wp-content\/uploads\/sites\/7\/2020\/05\/IMG-20200124-WA0004-300x225.jpg 300w, https:\/\/sites.lfb.es\/atelier-ecologie\/wp-content\/uploads\/sites\/7\/2020\/05\/IMG-20200124-WA0004-768x576.jpg 768w, https:\/\/sites.lfb.es\/atelier-ecologie\/wp-content\/uploads\/sites\/7\/2020\/05\/IMG-20200124-WA0004-1536x1153.jpg 1536w, https:\/\/sites.lfb.es\/atelier-ecologie\/wp-content\/uploads\/sites\/7\/2020\/05\/IMG-20200124-WA0004-800x600.jpg 800w, https:\/\/sites.lfb.es\/atelier-ecologie\/wp-content\/uploads\/sites\/7\/2020\/05\/IMG-20200124-WA0004-700x525.jpg 700w, https:\/\/sites.lfb.es\/atelier-ecologie\/wp-content\/uploads\/sites\/7\/2020\/05\/IMG-20200124-WA0004.jpg 1599w\" sizes=\"(max-width: 1024px) 100vw, 1024px\" \/><\/figure><\/li><\/ul>\n\n\n<p><span style=\"font-weight: 400\">Les insectes constituent la base de la cha\u00eene alimentaire, ils repr\u00e9sentent ainsi un enjeu important pour la conservation de la biodiversit\u00e9.\u00a0 <\/span><\/p>\n<p><span style=\"font-weight: 400\">Aujourd\u2019hui, \u00e0 cause de l\u2019utilisation massive de pesticides, d\u2019insecticides, entre autres causes, les insectes sont de plus en plus menac\u00e9s, \u00e0 l\u2019instar de la rar\u00e9faction de la population d\u2019abeilles, particuli\u00e8rement dangereuse. Pr\u00e9server et prot\u00e9ger les insectes est le but de du <a href=\"http:\/\/www.lfb.es\/atelier-ecologie\/wp-content\/uploads\/2020\/05\/PROJETS-INSECTES.pdf\">projet \u00ab\u00a0Insectes\u00a0\u00bb<\/a> men\u00e9 par l&rsquo;\u00e9quipe Biodiversit\u00e9 de l&rsquo;atelier \u00e9cologie.\u00a0<\/span><\/p>\n<p>\u00a0<\/p>\n<p>Apr\u00e8s un <a href=\"https:\/\/docs.google.com\/presentation\/d\/1UXiUmSz5C7CnnzSwT91d7TLc2DD98YqMvib7NuoYvpQ\/edit?usp=sharing\">travail de recherche, de sensibilisation<\/a> sur les causes et les cons\u00e9quences de cette disparition, les \u00e9l\u00e8ves construisent plusieurs structures offrant aux insectes des lieux de reproduction et protection.\u00a0<\/p>\n<p>\u00a0<\/p>\n<p>Constructions et installations\u00a0 :<br \/>&#8211; d&rsquo;h\u00f4tels \u00e0 insectes,<br \/>&#8211; nichoirs,<br \/>&#8211; spirales \u00e0 insectes<br \/>-projet toit v\u00e9g\u00e9talis\u00e9<br \/>-zone de friche<\/p>\n<p>Ces constructions sont aussi des outils pour sensibiliser les personnes passant par le lyc\u00e9e.\u00a0<\/p>\n<p>L&rsquo;atelier a rencontr\u00e9 l&rsquo;architecte paysagiste du lyc\u00e9e pour la prise en compte des dispositifs pr\u00e9c\u00e9demment cit\u00e9s et le choix des esp\u00e8ces v\u00e9g\u00e9tales. De cette rencontres sont n\u00e9es de nouvelles id\u00e9es et une belle motivation.\u00a0<\/p>\n<p>\u00a0<\/p>\n<p>En janvier 2020, deux \u00e9l\u00e8ves de CM2 , Nadia et Jofre, (cf. photos) ont parl\u00e9 de la chute drastique de leur biomasse devant les curieux et curieuses des portes ouvertes de l&rsquo;Institut fran\u00e7ais de Barcelona.\u00a0<\/p>\n<p>\u00a0<\/p>","protected":false},"excerpt":{"rendered":"<p>Les insectes constituent la base de la cha\u00eene alimentaire, ils repr\u00e9sentent ainsi un enjeu important pour la conservation de la biodiversit\u00e9.\u00a0 Aujourd\u2019hui, \u00e0 cause de l\u2019utilisation massive de pesticides, d\u2019insecticides, entre autres causes, les insectes sont de plus en plus menac\u00e9s, \u00e0 l\u2019instar de la&#8230;<\/p>\n","protected":false},"author":2,"featured_media":0,"parent":0,"menu_order":0,"comment_status":"closed","ping_status":"closed","template":"","meta":[],"_links":{"self":[{"href":"https:\/\/sites.lfb.es\/atelier-ecologie\/wp-json\/wp\/v2\/pages\/15572"}],"collection":[{"href":"https:\/\/sites.lfb.es\/atelier-ecologie\/wp-json\/wp\/v2\/pages"}],"about":[{"href":"https:\/\/sites.lfb.es\/atelier-ecologie\/wp-json\/wp\/v2\/types\/page"}],"author":[{"embeddable":true,"href":"https:\/\/sites.lfb.es\/atelier-ecologie\/wp-json\/wp\/v2\/users\/2"}],"replies":[{"embeddable":true,"href":"https:\/\/sites.lfb.es\/atelier-ecologie\/wp-json\/wp\/v2\/comments?post=15572"}],"version-history":[{"count":0,"href":"https:\/\/sites.lfb.es\/atelier-ecologie\/wp-json\/wp\/v2\/pages\/15572\/revisions"}],"wp:attachment":[{"href":"https:\/\/sites.lfb.es\/atelier-ecologie\/wp-json\/wp\/v2\/media?parent=15572"}],"curies":[{"name":"wp","href":"https:\/\/api.w.org\/{rel}","templated":true}]}}