{"id":15317,"date":"2015-05-26T10:31:24","date_gmt":"2015-05-26T10:31:24","guid":{"rendered":"http:\/\/demo.qodeinteractive.com\/bridge121\/?page_id=15317"},"modified":"2015-05-26T10:31:24","modified_gmt":"2015-05-26T10:31:24","slug":"https-www-lfb-es-portfolio-page-atelier-ecologie-apropos","status":"publish","type":"page","link":"https:\/\/sites.lfb.es\/atelier-ecologie\/https-www-lfb-es-portfolio-page-atelier-ecologie-apropos\/","title":{"rendered":"\u00c0 propos de l&rsquo;Atelier"},"content":{"rendered":"\n<h2>&nbsp;<\/h2>\n\n\n\n<p>Depuis fin octobre [2018], l\u2019Atelier \u00c9cologie qui a lieu <strong>chaque jeudi midi<\/strong>&nbsp;est une&nbsp;<strong>p\u00e9pini\u00e8re de projets pour l\u2019environnement<\/strong>.<br>Des \u00e9l\u00e8ves&nbsp;\u2013&nbsp;des \u00e9co-d\u00e9l\u00e9gu\u00e9\u00b7e\u00b7s et d\u2019autres \u00e9l\u00e8ves volontaires&nbsp;\u2013&nbsp;imaginent et travaillent \u00e0 r\u00e9aliser leur projet : r\u00e9aliser un&nbsp;<strong>\u00e9levage de phasmes<\/strong>&nbsp;avec panneaux explicatifs, faire en sorte de&nbsp;<strong>ne plus utiliser que du papier recycl\u00e9 au LFB<\/strong>, r\u00e9aliser un panneau pour rappeler&nbsp;<strong>l\u2019importance d\u2019\u00e9teindre la lumi\u00e8re<\/strong>&nbsp;en quittant une salle et ouvrir les rideaux plut\u00f4t que d\u2019allumer la lumi\u00e8re en classe, publier des&nbsp;<strong>articles de sensibilisation<\/strong>&nbsp;dans la newsletter, fabriquer un&nbsp;<strong>h\u00f4tel \u00e0 insectes<\/strong>, venue d\u2019un punt verd mobil au LFB,&nbsp;<strong>exposition de sensibilisation<\/strong>sur les d\u00e9chets, r\u00e9aliser un&nbsp;<strong>mur v\u00e9g\u00e9tal<\/strong>, etc.&nbsp;<br>Chaque projet doit se d\u00e9velopper en 3 axes : Quoi, Pourquoi, Comment. Car il ne s\u2019agit pas d\u2019avoir une id\u00e9e. Encore faut-il convaincre de son int\u00e9r\u00eat, et la r\u00e9aliser de A \u00e0 Z.<\/p>\n\n\n\n<p>C\u2019est aussi l\u2019occasion de voir qu\u2019<strong>un projet n\u00e9cessite du travail, de la volont\u00e9<\/strong>&nbsp;et qu\u2019<strong>il ne suffit pas de vouloir pour pouvoir<\/strong>\u2026 mais c\u2019est du m\u00eame coup l\u2019occasion de prendre conscience qu\u2019en s\u2019en donnant les moyens, nous avons toutes et tous, quel que soit notre \u00e2ge, la&nbsp;<strong>possibilit\u00e9 de changer les choses \u00e0 notre \u00e9chelle<\/strong>.<\/p>\n\n\n\n<p><strong>Un atelier sous le signe de l\u2019action, de la responsabilit\u00e9, de l\u2019optimisme !<\/strong>En cette rentr\u00e9e 2019,&nbsp;<strong>nous r\u00e9-ouvrons les inscriptions !<\/strong><br>Tout\u00b7e \u00e9l\u00e8ve,&nbsp;<strong>du CM2 \u00e0 la Terminale<\/strong>&nbsp;peut venir y participer, chaque jeudi, sur l\u2019horaire du midi (12h45 \u00e0 13h40 et 13h45 \u00e0 14h40), en A402.<br>L\u2019atelier est encadr\u00e9 par Mme Mbobda (SPC) et M. Magot (SVT).<br><strong>On y vient avec sa bonne humeur, son \u00e9nergie, sa volont\u00e9 de changer les choses<\/strong>\u2026 et son casse-cro\u00fbte, \u00e0 moins d\u2019\u00eatre 1\/2 pensionnaire et de s\u2019\u00eatre inscrit\u00b7e\u00b7s pr\u00e9alablement (auquel cas un menu pique-nique vous y attendra).<\/p>\n\n\n\n<p>&nbsp;<\/p>\n\n\n\n<p><strong>Alexandre Magot et Clarisse Mbobda<\/strong><\/p>\n\n\n\n<p>&nbsp;<\/p>\n","protected":false},"excerpt":{"rendered":"<p>&nbsp; Depuis fin octobre [2018], l\u2019Atelier \u00c9cologie qui a lieu chaque jeudi midi&nbsp;est une&nbsp;p\u00e9pini\u00e8re de projets pour l\u2019environnement.Des \u00e9l\u00e8ves&nbsp;\u2013&nbsp;des \u00e9co-d\u00e9l\u00e9gu\u00e9\u00b7e\u00b7s et d\u2019autres \u00e9l\u00e8ves volontaires&nbsp;\u2013&nbsp;imaginent et travaillent \u00e0 r\u00e9aliser leur projet : r\u00e9aliser un&nbsp;\u00e9levage de phasmes&nbsp;avec panneaux explicatifs, faire en sorte de&nbsp;ne plus utiliser que du&#8230;<\/p>\n","protected":false},"author":2,"featured_media":0,"parent":0,"menu_order":0,"comment_status":"open","ping_status":"open","template":"","meta":[],"_links":{"self":[{"href":"https:\/\/sites.lfb.es\/atelier-ecologie\/wp-json\/wp\/v2\/pages\/15317"}],"collection":[{"href":"https:\/\/sites.lfb.es\/atelier-ecologie\/wp-json\/wp\/v2\/pages"}],"about":[{"href":"https:\/\/sites.lfb.es\/atelier-ecologie\/wp-json\/wp\/v2\/types\/page"}],"author":[{"embeddable":true,"href":"https:\/\/sites.lfb.es\/atelier-ecologie\/wp-json\/wp\/v2\/users\/2"}],"replies":[{"embeddable":true,"href":"https:\/\/sites.lfb.es\/atelier-ecologie\/wp-json\/wp\/v2\/comments?post=15317"}],"version-history":[{"count":0,"href":"https:\/\/sites.lfb.es\/atelier-ecologie\/wp-json\/wp\/v2\/pages\/15317\/revisions"}],"wp:attachment":[{"href":"https:\/\/sites.lfb.es\/atelier-ecologie\/wp-json\/wp\/v2\/media?parent=15317"}],"curies":[{"name":"wp","href":"https:\/\/api.w.org\/{rel}","templated":true}]}}