{"id":15255,"date":"2015-05-19T10:59:51","date_gmt":"2015-05-19T08:59:51","guid":{"rendered":"http:\/\/demo.qodeinteractive.com\/bridge121\/?page_id=15255"},"modified":"2015-05-19T10:59:51","modified_gmt":"2015-05-19T08:59:51","slug":"home","status":"publish","type":"page","link":"https:\/\/sites.lfb.es\/atelier-ecologie\/","title":{"rendered":"Home"},"content":{"rendered":"<p>[vc_row css_animation=\u00a0\u00bb\u00a0\u00bb row_type=\u00a0\u00bbrow\u00a0\u00bb use_row_as_full_screen_section=\u00a0\u00bbno\u00a0\u00bb type=\u00a0\u00bbfull_width\u00a0\u00bb angled_section=\u00a0\u00bbno\u00a0\u00bb text_align=\u00a0\u00bbcenter\u00a0\u00bb background_image_as_pattern=\u00a0\u00bbwithout_pattern\u00a0\u00bb padding_bottom=\u00a0\u00bb48&Prime;][vc_column][vc_single_image image=\u00a0\u00bb15442&Prime; img_size=\u00a0\u00bbfull\u00a0\u00bb qode_css_animation=\u00a0\u00bb\u00a0\u00bb][\/vc_column][\/vc_row][vc_row css_animation=\u00a0\u00bb\u00a0\u00bb row_type=\u00a0\u00bbrow\u00a0\u00bb use_row_as_full_screen_section=\u00a0\u00bbno\u00a0\u00bb type=\u00a0\u00bbfull_width\u00a0\u00bb angled_section=\u00a0\u00bbno\u00a0\u00bb text_align=\u00a0\u00bbleft\u00a0\u00bb background_image_as_pattern=\u00a0\u00bbwithout_pattern\u00a0\u00bb][vc_column width=\u00a0\u00bb1\/4&Prime;][\/vc_column][vc_column width=\u00a0\u00bb1\/2&Prime;][vc_column_text]<\/p>\n<h5 style=\"text-align: center\"><span style=\"color: #5a8011\"><strong>les \u00e9l\u00e8ves de l&rsquo;Atelier \u00c9cologie<\/strong><\/span><span style=\"color: #5a8011\"> vous informent sur l&rsquo;actualit\u00e9 \u00e9cologique et vous conseillent pour un mode de vie plus respectueux de l&rsquo;environnement.<\/span><\/h5>\n<p>[\/vc_column_text][vc_empty_space][\/vc_column][vc_column width=\u00a0\u00bb1\/4&Prime;][\/vc_column][\/vc_row][vc_row css_animation=\u00a0\u00bb\u00a0\u00bb row_type=\u00a0\u00bbrow\u00a0\u00bb use_row_as_full_screen_section=\u00a0\u00bbno\u00a0\u00bb type=\u00a0\u00bbfull_width\u00a0\u00bb angled_section=\u00a0\u00bbno\u00a0\u00bb text_align=\u00a0\u00bbcenter\u00a0\u00bb background_image_as_pattern=\u00a0\u00bbwithout_pattern\u00a0\u00bb padding_bottom=\u00a0\u00bb48&Prime;][vc_column][vc_separator type=\u00a0\u00bbnormal\u00a0\u00bb down=\u00a0\u00bb48&Prime;][vc_column_text]<\/p>\n<h5>DERNIERS ARTICLES<\/h5>\n<p>[\/vc_column_text][\/vc_column][\/vc_row]<\/p>\n","protected":false},"excerpt":{"rendered":"<p>[vc_row css_animation=\u00a0\u00bb\u00a0\u00bb row_type=\u00a0\u00bbrow\u00a0\u00bb use_row_as_full_screen_section=\u00a0\u00bbno\u00a0\u00bb type=\u00a0\u00bbfull_width\u00a0\u00bb angled_section=\u00a0\u00bbno\u00a0\u00bb text_align=\u00a0\u00bbcenter\u00a0\u00bb background_image_as_pattern=\u00a0\u00bbwithout_pattern\u00a0\u00bb padding_bottom=\u00a0\u00bb48&Prime;][vc_column][vc_single_image image=\u00a0\u00bb15442&Prime; img_size=\u00a0\u00bbfull\u00a0\u00bb qode_css_animation=\u00a0\u00bb\u00a0\u00bb][\/vc_column][\/vc_row][vc_row css_animation=\u00a0\u00bb\u00a0\u00bb row_type=\u00a0\u00bbrow\u00a0\u00bb use_row_as_full_screen_section=\u00a0\u00bbno\u00a0\u00bb type=\u00a0\u00bbfull_width\u00a0\u00bb angled_section=\u00a0\u00bbno\u00a0\u00bb text_align=\u00a0\u00bbleft\u00a0\u00bb background_image_as_pattern=\u00a0\u00bbwithout_pattern\u00a0\u00bb][vc_column width=\u00a0\u00bb1\/4&Prime;][\/vc_column][vc_column width=\u00a0\u00bb1\/2&Prime;][vc_column_text] les \u00e9l\u00e8ves de l&rsquo;Atelier \u00c9cologie vous informent sur l&rsquo;actualit\u00e9 \u00e9cologique et vous conseillent pour un mode de vie plus respectueux de l&rsquo;environnement. [\/vc_column_text][vc_empty_space][\/vc_column][vc_column width=\u00a0\u00bb1\/4&Prime;][\/vc_column][\/vc_row][vc_row&#8230;<\/p>\n","protected":false},"author":2,"featured_media":0,"parent":0,"menu_order":0,"comment_status":"closed","ping_status":"closed","template":"blog-masonry-date-in-image.php","meta":[],"_links":{"self":[{"href":"https:\/\/sites.lfb.es\/atelier-ecologie\/wp-json\/wp\/v2\/pages\/15255"}],"collection":[{"href":"https:\/\/sites.lfb.es\/atelier-ecologie\/wp-json\/wp\/v2\/pages"}],"about":[{"href":"https:\/\/sites.lfb.es\/atelier-ecologie\/wp-json\/wp\/v2\/types\/page"}],"author":[{"embeddable":true,"href":"https:\/\/sites.lfb.es\/atelier-ecologie\/wp-json\/wp\/v2\/users\/2"}],"replies":[{"embeddable":true,"href":"https:\/\/sites.lfb.es\/atelier-ecologie\/wp-json\/wp\/v2\/comments?post=15255"}],"version-history":[{"count":0,"href":"https:\/\/sites.lfb.es\/atelier-ecologie\/wp-json\/wp\/v2\/pages\/15255\/revisions"}],"wp:attachment":[{"href":"https:\/\/sites.lfb.es\/atelier-ecologie\/wp-json\/wp\/v2\/media?parent=15255"}],"curies":[{"name":"wp","href":"https:\/\/api.w.org\/{rel}","templated":true}]}}